{"id":1028,"date":"2013-10-22T07:11:02","date_gmt":"2013-10-22T07:11:02","guid":{"rendered":"http:\/\/vyvoj.jandousek.cz\/planetsushi.cz\/rezervace-2"},"modified":"2013-11-07T16:18:15","modified_gmt":"2013-11-07T16:18:15","slug":"booking-form","status":"publish","type":"page","link":"https:\/\/www.planetsushi.hu\/en\/booking-form","title":{"rendered":"Booking form"},"content":{"rendered":"<p>Web reservations must be done\u00a0<strong>minimum one day ahead<\/strong>. You may call us to place reservation for the same day.\u00a0Please fill in all items. Without them, it is not possible to send a reservation.\u00a0Our restaurant is NONSMOKING.<\/p>\n<div role=\"form\" class=\"wpcf7\" id=\"wpcf7-f1139-o1\" lang=\"cs-CZ\" dir=\"ltr\">\n<div class=\"screen-reader-response\"><p role=\"status\" aria-live=\"polite\" aria-atomic=\"true\"><\/p> <ul><\/ul><\/div>\n<form action=\"\/en\/wp-json\/wp\/v2\/pages\/1028#wpcf7-f1139-o1\" method=\"post\" class=\"wpcf7-form init\" novalidate=\"novalidate\" data-status=\"init\">\n<div style=\"display: none;\">\n<input type=\"hidden\" name=\"_wpcf7\" value=\"1139\" \/>\n<input type=\"hidden\" name=\"_wpcf7_version\" value=\"5.6.4\" \/>\n<input type=\"hidden\" name=\"_wpcf7_locale\" value=\"cs_CZ\" \/>\n<input type=\"hidden\" name=\"_wpcf7_unit_tag\" value=\"wpcf7-f1139-o1\" \/>\n<input type=\"hidden\" name=\"_wpcf7_container_post\" value=\"0\" \/>\n<input type=\"hidden\" name=\"_wpcf7_posted_data_hash\" value=\"\" \/>\n<input type=\"hidden\" name=\"_wpcf7_recaptcha_response\" value=\"\" \/>\n<\/div>\n<div class=\"wpcf7-response-output\" aria-hidden=\"true\"><\/div><br \/>\n<fieldset>\n<legend>Rezerva\u010dn\u00ed formul\u00e1\u0159<\/legend>\n<div class=\"grid-row clearfix\">\n<div class=\"col i6\">\n<p class=\"line clearfix\">\n        <label for=\"jmeno\">Name:<\/label><br \/>\n        <span class=\"wpcf7-form-control-wrap\" data-name=\"jmeno-a-prijmeni\"><input type=\"text\" name=\"jmeno-a-prijmeni\" value=\"\" size=\"33\" class=\"wpcf7-form-control wpcf7-text wpcf7-validates-as-required i-text\" id=\"jmeno\" aria-required=\"true\" aria-invalid=\"false\" \/><\/span>\n      <\/p>\n<\/div>\n<div class=\"col i6 last\">\n<p class=\"line clearfix\">\n        <label for=\"telefon\">Phone:<\/label><br \/>\n        <span class=\"wpcf7-form-control-wrap\" data-name=\"telefon\"><input type=\"text\" name=\"telefon\" value=\"\" size=\"30\" class=\"wpcf7-form-control wpcf7-text wpcf7-validates-as-required i-text\" id=\"telefon\" aria-required=\"true\" aria-invalid=\"false\" \/><\/span>\n      <\/p>\n<\/div>\n<\/div>\n<div class=\"grid-row clearfix\">\n<div class=\"col i6\">\n<p class=\"line clearfix\">\n        <label for=\"e-mail\">E-mail:<\/label><br \/>\n        <span class=\"wpcf7-form-control-wrap\" data-name=\"e-mail\"><input type=\"email\" name=\"e-mail\" value=\"\" size=\"25\" class=\"wpcf7-form-control wpcf7-text wpcf7-email wpcf7-validates-as-required wpcf7-validates-as-email i-text\" id=\"e-mail\" aria-required=\"true\" aria-invalid=\"false\" \/><\/span>\n      <\/p>\n<\/div>\n<div class=\"col i6 last\">\n<p class=\"line clearfix\">\n        <label for=\"e-mail-znovu\">E-mail again:<\/label><br \/>\n        <span class=\"wpcf7-form-control-wrap\" data-name=\"e-mail-znovu\"><input type=\"email\" name=\"e-mail-znovu\" value=\"\" size=\"25\" class=\"wpcf7-form-control wpcf7-text wpcf7-email wpcf7-validates-as-required wpcf7-validates-as-email i-text\" id=\"e-mail-znovu\" aria-required=\"true\" aria-invalid=\"false\" \/><\/span>\n      <\/p>\n<\/div>\n<\/div>\n<div class=\"grid-row clearfix\">\n<div class=\"col i6\">\n<p class=\"line clearfix\">\n        <label>Date:<\/label><br \/>\n        <span class=\"wpcf7-form-control-wrap\" data-name=\"den\"><select name=\"den\" class=\"wpcf7-form-control wpcf7-select wpcf7-validates-as-required\" id=\"den\" aria-required=\"true\" aria-invalid=\"false\"><option value=\"1\">1<\/option><option value=\"2\">2<\/option><option value=\"3\">3<\/option><option value=\"4\">4<\/option><option value=\"5\">5<\/option><option value=\"6\">6<\/option><option value=\"7\">7<\/option><option value=\"8\">8<\/option><option value=\"9\">9<\/option><option value=\"10\">10<\/option><option value=\"11\">11<\/option><option value=\"12\">12<\/option><option value=\"13\">13<\/option><option value=\"14\">14<\/option><option value=\"15\">15<\/option><option value=\"16\">16<\/option><option value=\"17\">17<\/option><option value=\"18\">18<\/option><option value=\"19\">19<\/option><option value=\"20\">20<\/option><option value=\"21\">21<\/option><option value=\"22\">22<\/option><option value=\"23\">23<\/option><option value=\"24\">24<\/option><option value=\"25\">25<\/option><option value=\"26\">26<\/option><option value=\"27\">27<\/option><option value=\"28\">28<\/option><option value=\"29\">29<\/option><option value=\"30\">30<\/option><option value=\"31\">31<\/option><\/select><\/span><br \/>\n        <span class=\"wpcf7-form-control-wrap\" data-name=\"mesic\"><select name=\"mesic\" class=\"wpcf7-form-control wpcf7-select wpcf7-validates-as-required\" id=\"mesic\" aria-required=\"true\" aria-invalid=\"false\"><option value=\"January\">January<\/option><option value=\"February\">February<\/option><option value=\"March\">March<\/option><option value=\"April\">April<\/option><option value=\"May\">May<\/option><option value=\"June\">June<\/option><option value=\"July\">July<\/option><option value=\"August\">August<\/option><option value=\"September\">September<\/option><option value=\"October\">October<\/option><option value=\"November\">November<\/option><option value=\"December\">December<\/option><\/select><\/span>\n      <\/p>\n<\/div>\n<div class=\"col i6 last\">\n<p class=\"line clearfix\">\n        <label>Time<\/label><br \/>\n        <span class=\"wpcf7-form-control-wrap\" data-name=\"hodiny\"><select name=\"hodiny\" class=\"wpcf7-form-control wpcf7-select wpcf7-validates-as-required\" id=\"hodiny\" aria-required=\"true\" aria-invalid=\"false\"><option value=\"11 hour\">11 hour<\/option><option value=\"12 hour\">12 hour<\/option><option value=\"13 hour\">13 hour<\/option><option value=\"14 hour\">14 hour<\/option><option value=\"15 hour\">15 hour<\/option><option value=\"16 hour\">16 hour<\/option><option value=\"17 hour\">17 hour<\/option><option value=\"18 hour\">18 hour<\/option><option value=\"19 hour\">19 hour<\/option><option value=\"20 hour\">20 hour<\/option><option value=\"21 hour\">21 hour<\/option><option value=\"22 hour\">22 hour<\/option><option value=\"23 hour\">23 hour<\/option><\/select><\/span><br \/>\n        <span class=\"wpcf7-form-control-wrap\" data-name=\"minuty\"><select name=\"minuty\" class=\"wpcf7-form-control wpcf7-select wpcf7-validates-as-required\" id=\"minuty\" aria-required=\"true\" aria-invalid=\"false\"><option value=\"00 min.\">00 min.<\/option><option value=\"15 min.\">15 min.<\/option><option value=\"30 min.\">30 min.<\/option><option value=\"45 min.\">45 min.<\/option><\/select><\/span>\n      <\/p>\n<\/div>\n<\/div>\n<div class=\"grid-row clearfix\">\n<div class=\"col i6\">\n<p class=\"line clearfix\">\n        <label for=\"druh-rezervace\">Nature reserve:<\/label><br \/>\n        <span class=\"wpcf7-form-control-wrap\" data-name=\"druh-rezervace\"><select name=\"druh-rezervace\" class=\"wpcf7-form-control wpcf7-select wpcf7-validates-as-required i-select\" id=\"druh-rezervace\" aria-required=\"true\" aria-invalid=\"false\"><option value=\"Lunch\">Lunch<\/option><option value=\"Dinner\">Dinner<\/option><option value=\"Birthday celebration\">Birthday celebration<\/option><option value=\"Party\">Party<\/option><\/select><\/span>\n      <\/p>\n<\/div>\n<div class=\"col i6 last\">\n<p class=\"line clearfix\">\n        <label for=\"pocet-hostu\">Guests:<\/label><br \/>\n        <span class=\"wpcf7-form-control-wrap\" data-name=\"pocet-hostu\"><input type=\"text\" name=\"pocet-hostu\" value=\"\" size=\"10\" class=\"wpcf7-form-control wpcf7-text wpcf7-validates-as-required i-text\" id=\"pocet-hostu\" aria-required=\"true\" aria-invalid=\"false\" \/><\/span>\n      <\/p>\n<\/div>\n<\/div>\n<p class=\"line clearfix\">\n    <label for=\"pocet-hostu\">Note:<\/label><br \/>\n    <span class=\"wpcf7-form-control-wrap\" data-name=\"poznamka\"><textarea name=\"poznamka\" cols=\"80\" rows=\"5\" class=\"wpcf7-form-control wpcf7-textarea\" id=\"poznamka\" aria-invalid=\"false\"><\/textarea><\/span>\n  <\/p>\n<p class=\"line clearfix\">\n    <label for=\"pocet-hostu\">Protection:<\/label><br \/>\n    <em>To use CAPTCHA, you need <a href=\"https:\/\/wordpress.org\/plugins\/really-simple-captcha\/\">Really Simple CAPTCHA<\/a> plugin installed.<\/em><br \/>\n    <span class=\"wpcf7-form-control-wrap\" data-name=\"captcha-654\"><input type=\"text\" name=\"captcha-654\" value=\"\" size=\"40\" class=\"wpcf7-form-control wpcf7-captchar captcha-text\" id=\"captcha-text\" autocomplete=\"off\" aria-invalid=\"false\" \/><\/span>\n  <\/p>\n<p class=\"line clearfix\">\n    <input type=\"submit\" value=\"Send booking\" class=\"wpcf7-form-control has-spinner wpcf7-submit btn\" id=\"submit\" \/>\n  <\/p>\n<\/fieldset>\n<p style=\"display: none !important;\"><label>&#916;<textarea name=\"_wpcf7_ak_hp_textarea\" cols=\"45\" rows=\"8\" maxlength=\"100\"><\/textarea><\/label><input type=\"hidden\" id=\"ak_js_1\" name=\"_wpcf7_ak_js\" value=\"100\"\/><script>document.getElementById( \"ak_js_1\" ).setAttribute( \"value\", ( new Date() ).getTime() );<\/script><\/p><\/form><\/div>\n<p>&nbsp;<\/p>\n","protected":false},"excerpt":{"rendered":"<p>Web reservations must be done\u00a0minimum one day ahead. You may call us to place reservation for the same day.\u00a0Please fill&#8230;<\/p>\n","protected":false},"author":6,"featured_media":0,"parent":0,"menu_order":0,"comment_status":"open","ping_status":"open","template":"","meta":[],"acf":[],"_links":{"self":[{"href":"https:\/\/www.planetsushi.hu\/en\/wp-json\/wp\/v2\/pages\/1028"}],"collection":[{"href":"https:\/\/www.planetsushi.hu\/en\/wp-json\/wp\/v2\/pages"}],"about":[{"href":"https:\/\/www.planetsushi.hu\/en\/wp-json\/wp\/v2\/types\/page"}],"author":[{"embeddable":true,"href":"https:\/\/www.planetsushi.hu\/en\/wp-json\/wp\/v2\/users\/6"}],"replies":[{"embeddable":true,"href":"https:\/\/www.planetsushi.hu\/en\/wp-json\/wp\/v2\/comments?post=1028"}],"version-history":[{"count":0,"href":"https:\/\/www.planetsushi.hu\/en\/wp-json\/wp\/v2\/pages\/1028\/revisions"}],"wp:attachment":[{"href":"https:\/\/www.planetsushi.hu\/en\/wp-json\/wp\/v2\/media?parent=1028"}],"curies":[{"name":"wp","href":"https:\/\/api.w.org\/{rel}","templated":true}]}}