{"id":10223,"date":"2016-08-31T18:33:03","date_gmt":"2016-08-31T17:33:03","guid":{"rendered":"http:\/\/www.planetsushi.hu\/newnew\/en\/rolunk-irtak"},"modified":"2022-06-30T15:49:04","modified_gmt":"2022-06-30T13:49:04","slug":"read-about-us","status":"publish","type":"page","link":"https:\/\/www.planetsushi.hu\/en\/read-about-us","title":{"rendered":"Read about us"},"content":{"rendered":"<p><a href=\"https:\/\/www.szeretlekmagyarorszag.hu\/rokaland\/a-kedvenc-azsiai-ettermunk-planet-sushi-budapest\/\">szeretlekmagyarorszag.hu &#8211; R\u00f3kaland &#8211; Our favorite sushi restaurant<\/a><\/p>\n<p><a href=\"https:\/\/gastroguide.blog.hu\/2020\/11\/02\/top_oszi_helyek_budapesten\">Gastroguide &#8211; Top resturants<\/a><\/p>\n<p><a href=\"http:\/\/player.hu\/eletmod\/gasztro\/a-fold-hivja-planet-sushit-vetel\/https:\/\/streetkitchen.hu\/receptek\/hogyan_keszul_a_sushi\/\" target=\"_blank\" rel=\"noopener noreferrer\">player.hu- How to make sushi<\/a><\/p>\n<p><a href=\"http:\/\/www.szeretlekmagyarorszag.hu\/51-szuper-budapesti-hely-amelyet-romantikus-vacsorakhoz-ajanlunk\/\" target=\"_blank\" rel=\"noopener noreferrer\">szeretlekmagyarorszag.hu-resturants for romantic dinners<\/a><\/p>\n<p><a href=\"http:\/\/gastroguide.blog.hu\/2018\/04\/29\/10_1_top_terasz_budapesten\" target=\"_blank\" rel=\"noopener noreferrer\">Gastroguide-Top terraces Budapesten<\/a><\/p>\n<p><a href=\"http:\/\/mitettemma.hu\/planet-sushi-allee\/\" target=\"_blank\" rel=\"noopener noreferrer\">Mitettemma-Megnyitott a Planet Sushi Allee<\/a><\/p>\n<p><a href=\"http:\/\/jancsajani.blog.hu\/2017\/06\/14\/planet_sushi_megnyiton_jartunk\" target=\"_blank\" rel=\"noopener noreferrer\">jancsajani.blog.hu-Planet Sushi megnyit\u00f3n j\u00e1rtunk<\/a><\/p>\n<p><a href=\"http:\/\/www.xpatloop.com\/news\/planet_sushi_-_now_on_the_buda_side_in_budapest\" target=\"_blank\" rel=\"noopener noreferrer\">Xpatloop-Planet Sushi &#8211; New Restaurant on the Buda Side<\/a><\/p>\n<p><a href=\"http:\/\/www.stylemagazin.hu\/hir\/Mit-lehet-enni-egy-sushizoban\/17730\/stylelife\/gasztronomia\/?preview=1\" target=\"_blank\" rel=\"noopener noreferrer\">stylemagazin.hu-Mit lehet enni egy sushiz\u00f3ban<\/a><\/p>\n<p><a href=\"http:\/\/mirelle.hu\/?p=12091\" target=\"_blank\" rel=\"noopener noreferrer\">mirelle.hu-Planet Sushiban j\u00e1rtunk<\/a><\/p>\n<p><a href=\"http:\/\/foodyny.blog.hu\/2017\/06\/27\/egy_uj_bolygora_kell_koltozni_neve_planet_sushi\" target=\"_blank\" rel=\"noopener noreferrer\">foodyny-K\u00f6lt\u00f6zz a sushi bolyg\u00f3ra<\/a><\/p>\n<p><a href=\"https:\/\/welovebudapest.com\/kavezok.ettermek\/jo.hir.az.azsiai.konyhat.kedvelo.budaiaknak.itt.is.van.mar.planet.sushi\" target=\"_blank\" rel=\"noopener noreferrer\">Welovebudapest.com-Planet Sushi m\u00e1r Bud\u00e1n is<\/a><\/p>\n<p><a href=\"http:\/\/csabikonyhaja.blog.hu\/2017\/06\/09\/ujbudan_terjeszkedik_a_planet_sushi\" target=\"_blank\" rel=\"noopener noreferrer\">http:\/\/csabikonyhaja.blog.hu\/<\/a><\/p>\n<p><a href=\"http:\/\/antropos.hu\/hely\/planet-sushi-budapest\/\" target=\"_blank\" rel=\"noopener noreferrer\">antropos.hu-\u00dcdv a sushik vil\u00e1g\u00e1ban<\/a><\/p>\n<p><a href=\"https:\/\/funzine.hu\/2017\/06\/02\/gasztro\/megnyitott-planet-sushi-uj-etterme\/\" target=\"_blank\" rel=\"noopener noreferrer\">funzine.hu-Megnyitott a leg\u00fajabb Planet Sushi \u00e9tterem<\/a><\/p>\n","protected":false},"excerpt":{"rendered":"<p>szeretlekmagyarorszag.hu &#8211; R\u00f3kaland &#8211; Our favorite sushi restaurant Gastroguide &#8211; Top resturants player.hu- How to make sushi szeretlekmagyarorszag.hu-resturants for romantic&#8230;<\/p>\n","protected":false},"author":6,"featured_media":10097,"parent":0,"menu_order":0,"comment_status":"closed","ping_status":"closed","template":"","meta":[],"acf":[],"_links":{"self":[{"href":"https:\/\/www.planetsushi.hu\/en\/wp-json\/wp\/v2\/pages\/10223"}],"collection":[{"href":"https:\/\/www.planetsushi.hu\/en\/wp-json\/wp\/v2\/pages"}],"about":[{"href":"https:\/\/www.planetsushi.hu\/en\/wp-json\/wp\/v2\/types\/page"}],"author":[{"embeddable":true,"href":"https:\/\/www.planetsushi.hu\/en\/wp-json\/wp\/v2\/users\/6"}],"replies":[{"embeddable":true,"href":"https:\/\/www.planetsushi.hu\/en\/wp-json\/wp\/v2\/comments?post=10223"}],"version-history":[{"count":3,"href":"https:\/\/www.planetsushi.hu\/en\/wp-json\/wp\/v2\/pages\/10223\/revisions"}],"predecessor-version":[{"id":62796,"href":"https:\/\/www.planetsushi.hu\/en\/wp-json\/wp\/v2\/pages\/10223\/revisions\/62796"}],"wp:featuredmedia":[{"embeddable":true,"href":"https:\/\/www.planetsushi.hu\/en\/wp-json\/wp\/v2\/media\/10097"}],"wp:attachment":[{"href":"https:\/\/www.planetsushi.hu\/en\/wp-json\/wp\/v2\/media?parent=10223"}],"curies":[{"name":"wp","href":"https:\/\/api.w.org\/{rel}","templated":true}]}}